{"id":999,"date":"2022-07-13T15:37:28","date_gmt":"2022-07-13T15:37:28","guid":{"rendered":"http:\/\/defendthevalley.org\/?page_id=999"},"modified":"2024-12-06T18:56:21","modified_gmt":"2024-12-06T18:56:21","slug":"get-involved","status":"publish","type":"page","link":"https:\/\/defendthevalley.org\/es\/get-involved\/","title":{"rendered":"\u00a1Act\u00edvate!"},"content":{"rendered":"<div data-elementor-type=\"wp-page\" data-elementor-id=\"999\" class=\"elementor elementor-999\" data-elementor-post-type=\"page\">\n\t\t\t\t\t\t<section class=\"elementor-section elementor-top-section elementor-element elementor-element-c98ebed elementor-section-full_width elementor-section-height-min-height elementor-section-stretched elementor-section-height-default elementor-section-items-middle\" data-id=\"c98ebed\" data-element_type=\"section\" data-e-type=\"section\" data-settings=\"{&quot;stretch_section&quot;:&quot;section-stretched&quot;,&quot;jet_parallax_layout_list&quot;:[],&quot;background_background&quot;:&quot;classic&quot;}\">\n\t\t\t\t\t\t\t<div class=\"elementor-background-overlay\"><\/div>\n\t\t\t\t\t\t\t<div class=\"elementor-container elementor-column-gap-default\">\n\t\t\t\t\t<div class=\"elementor-column elementor-col-33 elementor-top-column elementor-element elementor-element-5780730\" data-id=\"5780730\" data-element_type=\"column\" data-e-type=\"column\">\n\t\t\t<div class=\"elementor-widget-wrap elementor-element-populated\">\n\t\t\t\t\t\t<div class=\"elementor-element elementor-element-8cdbaa3 elementor-invisible elementor-widget elementor-widget-image\" data-id=\"8cdbaa3\" data-element_type=\"widget\" data-e-type=\"widget\" data-settings=\"{&quot;_animation&quot;:&quot;fadeInUp&quot;}\" data-widget_type=\"image.default\">\n\t\t\t\t<div class=\"elementor-widget-container\">\n\t\t\t\t\t\t\t\t\t\t\t\t\t\t\t\t<a href=\"http:\/\/defendthevalley.org\/es\/\">\n\t\t\t\t\t\t\t<img fetchpriority=\"high\" decoding=\"async\" width=\"764\" height=\"1024\" src=\"https:\/\/defendthevalley.org\/wp-content\/uploads\/2022\/06\/DTV_logo_long-01-764x1024.png\" class=\"attachment-large size-large wp-image-205\" alt=\"\" srcset=\"https:\/\/defendthevalley.org\/wp-content\/uploads\/2022\/06\/DTV_logo_long-01-764x1024.png 764w, https:\/\/defendthevalley.org\/wp-content\/uploads\/2022\/06\/DTV_logo_long-01-600x805.png 600w, https:\/\/defendthevalley.org\/wp-content\/uploads\/2022\/06\/DTV_logo_long-01-224x300.png 224w, https:\/\/defendthevalley.org\/wp-content\/uploads\/2022\/06\/DTV_logo_long-01-768x1030.png 768w, https:\/\/defendthevalley.org\/wp-content\/uploads\/2022\/06\/DTV_logo_long-01-1145x1536.png 1145w, https:\/\/defendthevalley.org\/wp-content\/uploads\/2022\/06\/DTV_logo_long-01-1527x2048.png 1527w\" sizes=\"(max-width: 764px) 100vw, 764px\" \/>\t\t\t\t\t\t\t\t<\/a>\n\t\t\t\t\t\t\t\t\t\t\t\t\t\t\t<\/div>\n\t\t\t\t<\/div>\n\t\t\t\t\t<\/div>\n\t\t<\/div>\n\t\t\t\t<div class=\"elementor-column elementor-col-33 elementor-top-column elementor-element elementor-element-ba24f84\" data-id=\"ba24f84\" data-element_type=\"column\" data-e-type=\"column\">\n\t\t\t<div class=\"elementor-widget-wrap elementor-element-populated\">\n\t\t\t\t\t\t<div class=\"elementor-element elementor-element-512f8a5 elementor-widget elementor-widget-heading\" data-id=\"512f8a5\" data-element_type=\"widget\" data-e-type=\"widget\" data-widget_type=\"heading.default\">\n\t\t\t\t<div class=\"elementor-widget-container\">\n\t\t\t\t\t<h1 class=\"elementor-heading-title elementor-size-default\">\u00a1Act\u00edvate!<\/h1>\t\t\t\t<\/div>\n\t\t\t\t<\/div>\n\t\t\t\t\t<\/div>\n\t\t<\/div>\n\t\t\t\t<div class=\"elementor-column elementor-col-33 elementor-top-column elementor-element elementor-element-1a8f965\" data-id=\"1a8f965\" data-element_type=\"column\" data-e-type=\"column\">\n\t\t\t<div class=\"elementor-widget-wrap\">\n\t\t\t\t\t\t\t<\/div>\n\t\t<\/div>\n\t\t\t\t\t<\/div>\n\t\t<\/section>\n\t\t\t\t<section class=\"elementor-section elementor-top-section elementor-element elementor-element-5772e124 elementor-section-stretched elementor-section-full_width elementor-section-height-min-height elementor-section-items-stretch elementor-section-height-default\" data-id=\"5772e124\" data-element_type=\"section\" data-e-type=\"section\" data-settings=\"{&quot;stretch_section&quot;:&quot;section-stretched&quot;,&quot;jet_parallax_layout_list&quot;:[],&quot;background_background&quot;:&quot;classic&quot;}\">\n\t\t\t\t\t\t<div class=\"elementor-container elementor-column-gap-default\">\n\t\t\t\t\t<div class=\"elementor-column elementor-col-25 elementor-top-column elementor-element elementor-element-5c7552c3 column1\" data-id=\"5c7552c3\" data-element_type=\"column\" data-e-type=\"column\" data-settings=\"{&quot;background_background&quot;:&quot;classic&quot;}\">\n\t\t\t<div class=\"elementor-widget-wrap elementor-element-populated\">\n\t\t\t\t\t\t<div class=\"elementor-element elementor-element-506c9434 elementor-widget elementor-widget-heading\" data-id=\"506c9434\" data-element_type=\"widget\" data-e-type=\"widget\" data-widget_type=\"heading.default\">\n\t\t\t\t<div class=\"elementor-widget-container\">\n\t\t\t\t\t<h2 class=\"elementor-heading-title elementor-size-default\">Alza la voz<\/h2>\t\t\t\t<\/div>\n\t\t\t\t<\/div>\n\t\t\t\t<div class=\"elementor-element elementor-element-4bfac0f1 elementor-widget elementor-widget-text-editor\" data-id=\"4bfac0f1\" data-element_type=\"widget\" data-e-type=\"widget\" data-widget_type=\"text-editor.default\">\n\t\t\t\t<div class=\"elementor-widget-container\">\n\t\t\t\t\t\t\t\t\t<p>Oye lo que la gente en tu vecindario ama en el Valle del Hudson, para luego sumar tu voz al coro.<\/p>\t\t\t\t\t\t\t\t<\/div>\n\t\t\t\t<\/div>\n\t\t\t\t<div class=\"elementor-element elementor-element-5d74129 elementor-widget elementor-widget-jet-button\" data-id=\"5d74129\" data-element_type=\"widget\" data-e-type=\"widget\" data-widget_type=\"jet-button.default\">\n\t\t\t\t<div class=\"elementor-widget-container\">\n\t\t\t\t\t<div class=\"elementor-jet-button jet-elements\"><div class=\"jet-button__container\">\n\t<a class=\"jet-button__instance jet-button__instance--icon-right hover-effect-0\" href=\"https:\/\/defendthevalley.org\/es\/raise-your-voice\/\" aria-label=\"Add your voice in support\">\n\t\t<div class=\"jet-button__plane jet-button__plane-normal\"><\/div>\n\t\t<div class=\"jet-button__plane jet-button__plane-hover\"><\/div>\n\t\t<div class=\"jet-button__state jet-button__state-normal\">\n\t\t\t<span class=\"jet-button__icon jet-elements-icon\"><svg xmlns=\"http:\/\/www.w3.org\/2000\/svg\" id=\"a\" viewbox=\"0 0 720 385.12\"><polygon points=\"531.7 10.96 707.52 192.63 528.36 374.31 502.4 350.03 642.22 208.54 18.5 208.54 18.5 173.38 640.54 173.38 506.59 35.24 531.7 10.96\"><\/polygon><\/svg><\/span><span class=\"jet-button__label\">Voces<\/span>\t\t<\/div>\n\t\t<div class=\"jet-button__state jet-button__state-hover\">\n\t\t\t<span class=\"jet-button__icon jet-elements-icon\"><svg xmlns=\"http:\/\/www.w3.org\/2000\/svg\" id=\"a\" viewbox=\"0 0 720 385.12\"><polygon points=\"531.7 10.96 707.52 192.63 528.36 374.31 502.4 350.03 642.22 208.54 18.5 208.54 18.5 173.38 640.54 173.38 506.59 35.24 531.7 10.96\"><\/polygon><\/svg><\/span><span class=\"jet-button__label\">Voces<\/span>\t\t<\/div>\n\t<\/a>\n<\/div>\n<\/div>\t\t\t\t<\/div>\n\t\t\t\t<\/div>\n\t\t\t\t\t<\/div>\n\t\t<\/div>\n\t\t\t\t<div class=\"elementor-column elementor-col-25 elementor-top-column elementor-element elementor-element-4c250b06 column2\" data-id=\"4c250b06\" data-element_type=\"column\" data-e-type=\"column\" data-settings=\"{&quot;background_background&quot;:&quot;classic&quot;}\">\n\t\t\t<div class=\"elementor-widget-wrap elementor-element-populated\">\n\t\t\t\t\t\t<div class=\"elementor-element elementor-element-7cbfea02 elementor-widget elementor-widget-heading\" data-id=\"7cbfea02\" data-element_type=\"widget\" data-e-type=\"widget\" data-widget_type=\"heading.default\">\n\t\t\t\t<div class=\"elementor-widget-container\">\n\t\t\t\t\t<h2 class=\"elementor-heading-title elementor-size-default\">Consulta gente experta<\/h2>\t\t\t\t<\/div>\n\t\t\t\t<\/div>\n\t\t\t\t<div class=\"elementor-element elementor-element-1760714 elementor-widget elementor-widget-text-editor\" data-id=\"1760714\" data-element_type=\"widget\" data-e-type=\"widget\" data-widget_type=\"text-editor.default\">\n\t\t\t\t<div class=\"elementor-widget-container\">\n\t\t\t\t\t\t\t\t\t<p class=\"translation-block\">\u00bfTienes preguntas sobre un asunto o una campa\u00f1a? <br>Aqu\u00ed hay gente experta con respuestas.<\/p>\t\t\t\t\t\t\t\t<\/div>\n\t\t\t\t<\/div>\n\t\t\t\t<div class=\"elementor-element elementor-element-3cfb03a elementor-widget elementor-widget-jet-button\" data-id=\"3cfb03a\" data-element_type=\"widget\" data-e-type=\"widget\" data-widget_type=\"jet-button.default\">\n\t\t\t\t<div class=\"elementor-widget-container\">\n\t\t\t\t\t<div class=\"elementor-jet-button jet-elements\"><div class=\"jet-button__container\">\n\t<a class=\"jet-button__instance jet-button__instance--icon-right hover-effect-0\" href=\"http:\/\/defendthevalley.org\/es\/experts\/\" aria-label=\"Ask our experts a question\">\n\t\t<div class=\"jet-button__plane jet-button__plane-normal\"><\/div>\n\t\t<div class=\"jet-button__plane jet-button__plane-hover\"><\/div>\n\t\t<div class=\"jet-button__state jet-button__state-normal\">\n\t\t\t<span class=\"jet-button__icon jet-elements-icon\"><svg xmlns=\"http:\/\/www.w3.org\/2000\/svg\" id=\"a\" viewbox=\"0 0 720 385.12\"><polygon points=\"531.7 10.96 707.52 192.63 528.36 374.31 502.4 350.03 642.22 208.54 18.5 208.54 18.5 173.38 640.54 173.38 506.59 35.24 531.7 10.96\"><\/polygon><\/svg><\/span><span class=\"jet-button__label\">Gente experta<\/span>\t\t<\/div>\n\t\t<div class=\"jet-button__state jet-button__state-hover\">\n\t\t\t<span class=\"jet-button__icon jet-elements-icon\"><svg xmlns=\"http:\/\/www.w3.org\/2000\/svg\" id=\"a\" viewbox=\"0 0 720 385.12\"><polygon points=\"531.7 10.96 707.52 192.63 528.36 374.31 502.4 350.03 642.22 208.54 18.5 208.54 18.5 173.38 640.54 173.38 506.59 35.24 531.7 10.96\"><\/polygon><\/svg><\/span><span class=\"jet-button__label\">Gente experta<\/span>\t\t<\/div>\n\t<\/a>\n<\/div>\n<\/div>\t\t\t\t<\/div>\n\t\t\t\t<\/div>\n\t\t\t\t\t<\/div>\n\t\t<\/div>\n\t\t\t\t<div class=\"elementor-column elementor-col-25 elementor-top-column elementor-element elementor-element-70657612 column3\" data-id=\"70657612\" data-element_type=\"column\" data-e-type=\"column\" data-settings=\"{&quot;background_background&quot;:&quot;classic&quot;}\">\n\t\t\t<div class=\"elementor-widget-wrap elementor-element-populated\">\n\t\t\t\t\t\t<div class=\"elementor-element elementor-element-7a553dd6 elementor-widget elementor-widget-heading\" data-id=\"7a553dd6\" data-element_type=\"widget\" data-e-type=\"widget\" data-widget_type=\"heading.default\">\n\t\t\t\t<div class=\"elementor-widget-container\">\n\t\t\t\t\t<h2 class=\"elementor-heading-title elementor-size-default\">Preguntas Frecuentes sobre Incidencia<\/h2>\t\t\t\t<\/div>\n\t\t\t\t<\/div>\n\t\t\t\t<div class=\"elementor-element elementor-element-b1d9a10 elementor-widget elementor-widget-text-editor\" data-id=\"b1d9a10\" data-element_type=\"widget\" data-e-type=\"widget\" data-widget_type=\"text-editor.default\">\n\t\t\t\t<div class=\"elementor-widget-container\">\n\t\t\t\t\t\t\t\t\t<p>\u00bfYa quieres pasar a la acci\u00f3n en nombre de una causa que te impulsa? Aqu\u00ed tienes algunas pistas sobre c\u00f3mo empezar.<\/p>\t\t\t\t\t\t\t\t<\/div>\n\t\t\t\t<\/div>\n\t\t\t\t<div class=\"elementor-element elementor-element-0f98168 elementor-widget elementor-widget-jet-button\" data-id=\"0f98168\" data-element_type=\"widget\" data-e-type=\"widget\" data-widget_type=\"jet-button.default\">\n\t\t\t\t<div class=\"elementor-widget-container\">\n\t\t\t\t\t<div class=\"elementor-jet-button jet-elements\"><div class=\"jet-button__container\">\n\t<a class=\"jet-button__instance jet-button__instance--icon-right hover-effect-0\" href=\"https:\/\/defendthevalley.org\/es\/advocacy-faq\/\" aria-label=\"Learn more about advocacy\">\n\t\t<div class=\"jet-button__plane jet-button__plane-normal\"><\/div>\n\t\t<div class=\"jet-button__plane jet-button__plane-hover\"><\/div>\n\t\t<div class=\"jet-button__state jet-button__state-normal\">\n\t\t\t<span class=\"jet-button__icon jet-elements-icon\"><svg xmlns=\"http:\/\/www.w3.org\/2000\/svg\" id=\"a\" viewbox=\"0 0 720 385.12\"><polygon points=\"531.7 10.96 707.52 192.63 528.36 374.31 502.4 350.03 642.22 208.54 18.5 208.54 18.5 173.38 640.54 173.38 506.59 35.24 531.7 10.96\"><\/polygon><\/svg><\/span><span class=\"jet-button__label\">Inf\u00f3rmate<\/span>\t\t<\/div>\n\t\t<div class=\"jet-button__state jet-button__state-hover\">\n\t\t\t<span class=\"jet-button__icon jet-elements-icon\"><svg xmlns=\"http:\/\/www.w3.org\/2000\/svg\" id=\"a\" viewbox=\"0 0 720 385.12\"><polygon points=\"531.7 10.96 707.52 192.63 528.36 374.31 502.4 350.03 642.22 208.54 18.5 208.54 18.5 173.38 640.54 173.38 506.59 35.24 531.7 10.96\"><\/polygon><\/svg><\/span><span class=\"jet-button__label\">Inf\u00f3rmate<\/span>\t\t<\/div>\n\t<\/a>\n<\/div>\n<\/div>\t\t\t\t<\/div>\n\t\t\t\t<\/div>\n\t\t\t\t\t<\/div>\n\t\t<\/div>\n\t\t\t\t<div class=\"elementor-column elementor-col-25 elementor-top-column elementor-element elementor-element-16bbaa45 column4\" data-id=\"16bbaa45\" data-element_type=\"column\" data-e-type=\"column\" data-settings=\"{&quot;background_background&quot;:&quot;classic&quot;}\">\n\t\t\t<div class=\"elementor-widget-wrap elementor-element-populated\">\n\t\t\t\t\t\t<div class=\"elementor-element elementor-element-3d43226e elementor-widget elementor-widget-heading\" data-id=\"3d43226e\" data-element_type=\"widget\" data-e-type=\"widget\" data-widget_type=\"heading.default\">\n\t\t\t\t<div class=\"elementor-widget-container\">\n\t\t\t\t\t<h2 class=\"elementor-heading-title elementor-size-default\">Defiende el Valle<\/h2>\t\t\t\t<\/div>\n\t\t\t\t<\/div>\n\t\t\t\t<div class=\"elementor-element elementor-element-79af73b elementor-widget elementor-widget-text-editor\" data-id=\"79af73b\" data-element_type=\"widget\" data-e-type=\"widget\" data-widget_type=\"text-editor.default\">\n\t\t\t\t<div class=\"elementor-widget-container\">\n\t\t\t\t\t\t\t\t\t<p>\u00bfYa quieres pasar a la acci\u00f3n? Inscr\u00edbete para hacerte Defensor del Valle<\/p>\t\t\t\t\t\t\t\t<\/div>\n\t\t\t\t<\/div>\n\t\t\t\t<div class=\"elementor-element elementor-element-03c7d40 elementor-widget elementor-widget-jet-button\" data-id=\"03c7d40\" data-element_type=\"widget\" data-e-type=\"widget\" data-widget_type=\"jet-button.default\">\n\t\t\t\t<div class=\"elementor-widget-container\">\n\t\t\t\t\t<div class=\"elementor-jet-button jet-elements\"><div class=\"jet-button__container\">\n\t<a class=\"jet-button__instance jet-button__instance--icon-right hover-effect-0\" href=\"https:\/\/defendthevalley.org\/es\/become-a-defender\/\" aria-label=\"Sign up to defend the valley\">\n\t\t<div class=\"jet-button__plane jet-button__plane-normal\"><\/div>\n\t\t<div class=\"jet-button__plane jet-button__plane-hover\"><\/div>\n\t\t<div class=\"jet-button__state jet-button__state-normal\">\n\t\t\t<span class=\"jet-button__icon jet-elements-icon\"><svg xmlns=\"http:\/\/www.w3.org\/2000\/svg\" id=\"a\" viewbox=\"0 0 720 385.12\"><polygon points=\"531.7 10.96 707.52 192.63 528.36 374.31 502.4 350.03 642.22 208.54 18.5 208.54 18.5 173.38 640.54 173.38 506.59 35.24 531.7 10.96\"><\/polygon><\/svg><\/span><span class=\"jet-button__label\">Inscripci\u00f3n<\/span>\t\t<\/div>\n\t\t<div class=\"jet-button__state jet-button__state-hover\">\n\t\t\t<span class=\"jet-button__icon jet-elements-icon\"><svg xmlns=\"http:\/\/www.w3.org\/2000\/svg\" id=\"a\" viewbox=\"0 0 720 385.12\"><polygon points=\"531.7 10.96 707.52 192.63 528.36 374.31 502.4 350.03 642.22 208.54 18.5 208.54 18.5 173.38 640.54 173.38 506.59 35.24 531.7 10.96\"><\/polygon><\/svg><\/span><span class=\"jet-button__label\">Inscripci\u00f3n<\/span>\t\t<\/div>\n\t<\/a>\n<\/div>\n<\/div>\t\t\t\t<\/div>\n\t\t\t\t<\/div>\n\t\t\t\t\t<\/div>\n\t\t<\/div>\n\t\t\t\t\t<\/div>\n\t\t<\/section>\n\t\t\t\t<\/div>","protected":false},"excerpt":{"rendered":"<p>Get Involved! Raise Your Voice | Ask a Scenic Hudson Expert | Learn more about Advocacy with our Advocacy FAQ | Sign up to Become a Valley Defender<\/p>","protected":false},"author":1,"featured_media":1005,"parent":0,"menu_order":0,"comment_status":"closed","ping_status":"closed","template":"","meta":{"_acf_changed":false,"footnotes":"","_links_to":"","_links_to_target":""},"class_list":["post-999","page","type-page","status-publish","has-post-thumbnail","hentry"],"acf":[],"yoast_head":"<!-- This site is optimized with the Yoast SEO plugin v27.3 - https:\/\/yoast.com\/product\/yoast-seo-wordpress\/ -->\n<title>Get Involved! - Defend the Valley<\/title>\n<meta name=\"description\" content=\"Get Involved! Raise Your Voice | Ask a Scenic Hudson Expert | Learn more about Advocacy with our Advocacy FAQ | Sign up to Become a Valley Defender\" \/>\n<meta name=\"robots\" content=\"index, follow, max-snippet:-1, max-image-preview:large, max-video-preview:-1\" \/>\n<link rel=\"canonical\" href=\"https:\/\/defendthevalley.org\/es\/get-involved\/\" \/>\n<meta property=\"og:locale\" content=\"es_MX\" \/>\n<meta property=\"og:type\" content=\"article\" \/>\n<meta property=\"og:title\" content=\"Get Involved! - Defend the Valley\" \/>\n<meta property=\"og:description\" content=\"Get Involved! Raise Your Voice | Ask a Scenic Hudson Expert | Learn more about Advocacy with our Advocacy FAQ | Sign up to Become a Valley Defender\" \/>\n<meta property=\"og:url\" content=\"https:\/\/defendthevalley.org\/es\/get-involved\/\" \/>\n<meta property=\"og:site_name\" content=\"Defend the Valley\" \/>\n<meta property=\"article:modified_time\" content=\"2024-12-06T18:56:21+00:00\" \/>\n<meta property=\"og:image\" content=\"https:\/\/defendthevalley.org\/wp-content\/uploads\/2022\/07\/iStock-959783310-1.jpg\" \/>\n\t<meta property=\"og:image:width\" content=\"2100\" \/>\n\t<meta property=\"og:image:height\" content=\"1400\" \/>\n\t<meta property=\"og:image:type\" content=\"image\/jpeg\" \/>\n<meta name=\"twitter:card\" content=\"summary_large_image\" \/>\n<meta name=\"twitter:label1\" content=\"Tiempo de lectura\" \/>\n\t<meta name=\"twitter:data1\" content=\"1 minuto\" \/>\n<script type=\"application\/ld+json\" class=\"yoast-schema-graph\">{\"@context\":\"https:\\\/\\\/schema.org\",\"@graph\":[{\"@type\":\"WebPage\",\"@id\":\"https:\\\/\\\/defendthevalley.org\\\/get-involved\\\/\",\"url\":\"https:\\\/\\\/defendthevalley.org\\\/get-involved\\\/\",\"name\":\"Get Involved! - Defend the Valley\",\"isPartOf\":{\"@id\":\"https:\\\/\\\/defendthevalley.org\\\/#website\"},\"primaryImageOfPage\":{\"@id\":\"https:\\\/\\\/defendthevalley.org\\\/get-involved\\\/#primaryimage\"},\"image\":{\"@id\":\"https:\\\/\\\/defendthevalley.org\\\/get-involved\\\/#primaryimage\"},\"thumbnailUrl\":\"https:\\\/\\\/defendthevalley.org\\\/wp-content\\\/uploads\\\/2022\\\/07\\\/iStock-959783310-1.jpg\",\"datePublished\":\"2022-07-13T15:37:28+00:00\",\"dateModified\":\"2024-12-06T18:56:21+00:00\",\"description\":\"Get Involved! Raise Your Voice | Ask a Scenic Hudson Expert | Learn more about Advocacy with our Advocacy FAQ | Sign up to Become a Valley Defender\",\"breadcrumb\":{\"@id\":\"https:\\\/\\\/defendthevalley.org\\\/get-involved\\\/#breadcrumb\"},\"inLanguage\":\"es\",\"potentialAction\":[{\"@type\":\"ReadAction\",\"target\":[\"https:\\\/\\\/defendthevalley.org\\\/get-involved\\\/\"]}]},{\"@type\":\"ImageObject\",\"inLanguage\":\"es\",\"@id\":\"https:\\\/\\\/defendthevalley.org\\\/get-involved\\\/#primaryimage\",\"url\":\"https:\\\/\\\/defendthevalley.org\\\/wp-content\\\/uploads\\\/2022\\\/07\\\/iStock-959783310-1.jpg\",\"contentUrl\":\"https:\\\/\\\/defendthevalley.org\\\/wp-content\\\/uploads\\\/2022\\\/07\\\/iStock-959783310-1.jpg\",\"width\":2100,\"height\":1400},{\"@type\":\"BreadcrumbList\",\"@id\":\"https:\\\/\\\/defendthevalley.org\\\/get-involved\\\/#breadcrumb\",\"itemListElement\":[{\"@type\":\"ListItem\",\"position\":1,\"name\":\"Home\",\"item\":\"https:\\\/\\\/defendthevalley.org\\\/\"},{\"@type\":\"ListItem\",\"position\":2,\"name\":\"Get Involved!\"}]},{\"@type\":\"WebSite\",\"@id\":\"https:\\\/\\\/defendthevalley.org\\\/#website\",\"url\":\"https:\\\/\\\/defendthevalley.org\\\/\",\"name\":\"Defend the Valley\",\"description\":\"\",\"potentialAction\":[{\"@type\":\"SearchAction\",\"target\":{\"@type\":\"EntryPoint\",\"urlTemplate\":\"https:\\\/\\\/defendthevalley.org\\\/?s={search_term_string}\"},\"query-input\":{\"@type\":\"PropertyValueSpecification\",\"valueRequired\":true,\"valueName\":\"search_term_string\"}}],\"inLanguage\":\"es\"}]}<\/script>\n<!-- \/ Yoast SEO plugin. -->","yoast_head_json":{"title":"Get Involved! - Defend the Valley","description":"Get Involved! Raise Your Voice | Ask a Scenic Hudson Expert | Learn more about Advocacy with our Advocacy FAQ | Sign up to Become a Valley Defender","robots":{"index":"index","follow":"follow","max-snippet":"max-snippet:-1","max-image-preview":"max-image-preview:large","max-video-preview":"max-video-preview:-1"},"canonical":"https:\/\/defendthevalley.org\/es\/get-involved\/","og_locale":"es_MX","og_type":"article","og_title":"Get Involved! - Defend the Valley","og_description":"Get Involved! Raise Your Voice | Ask a Scenic Hudson Expert | Learn more about Advocacy with our Advocacy FAQ | Sign up to Become a Valley Defender","og_url":"https:\/\/defendthevalley.org\/es\/get-involved\/","og_site_name":"Defend the Valley","article_modified_time":"2024-12-06T18:56:21+00:00","og_image":[{"width":2100,"height":1400,"url":"https:\/\/defendthevalley.org\/wp-content\/uploads\/2022\/07\/iStock-959783310-1.jpg","type":"image\/jpeg"}],"twitter_card":"summary_large_image","twitter_misc":{"Tiempo de lectura":"1 minuto"},"schema":{"@context":"https:\/\/schema.org","@graph":[{"@type":"WebPage","@id":"https:\/\/defendthevalley.org\/get-involved\/","url":"https:\/\/defendthevalley.org\/get-involved\/","name":"Get Involved! - Defend the Valley","isPartOf":{"@id":"https:\/\/defendthevalley.org\/#website"},"primaryImageOfPage":{"@id":"https:\/\/defendthevalley.org\/get-involved\/#primaryimage"},"image":{"@id":"https:\/\/defendthevalley.org\/get-involved\/#primaryimage"},"thumbnailUrl":"https:\/\/defendthevalley.org\/wp-content\/uploads\/2022\/07\/iStock-959783310-1.jpg","datePublished":"2022-07-13T15:37:28+00:00","dateModified":"2024-12-06T18:56:21+00:00","description":"Get Involved! Raise Your Voice | Ask a Scenic Hudson Expert | Learn more about Advocacy with our Advocacy FAQ | Sign up to Become a Valley Defender","breadcrumb":{"@id":"https:\/\/defendthevalley.org\/get-involved\/#breadcrumb"},"inLanguage":"es","potentialAction":[{"@type":"ReadAction","target":["https:\/\/defendthevalley.org\/get-involved\/"]}]},{"@type":"ImageObject","inLanguage":"es","@id":"https:\/\/defendthevalley.org\/get-involved\/#primaryimage","url":"https:\/\/defendthevalley.org\/wp-content\/uploads\/2022\/07\/iStock-959783310-1.jpg","contentUrl":"https:\/\/defendthevalley.org\/wp-content\/uploads\/2022\/07\/iStock-959783310-1.jpg","width":2100,"height":1400},{"@type":"BreadcrumbList","@id":"https:\/\/defendthevalley.org\/get-involved\/#breadcrumb","itemListElement":[{"@type":"ListItem","position":1,"name":"Home","item":"https:\/\/defendthevalley.org\/"},{"@type":"ListItem","position":2,"name":"Get Involved!"}]},{"@type":"WebSite","@id":"https:\/\/defendthevalley.org\/#website","url":"https:\/\/defendthevalley.org\/","name":"Defend the Valley","description":"","potentialAction":[{"@type":"SearchAction","target":{"@type":"EntryPoint","urlTemplate":"https:\/\/defendthevalley.org\/?s={search_term_string}"},"query-input":{"@type":"PropertyValueSpecification","valueRequired":true,"valueName":"search_term_string"}}],"inLanguage":"es"}]}},"_links":{"self":[{"href":"https:\/\/defendthevalley.org\/es\/wp-json\/wp\/v2\/pages\/999","targetHints":{"allow":["GET"]}}],"collection":[{"href":"https:\/\/defendthevalley.org\/es\/wp-json\/wp\/v2\/pages"}],"about":[{"href":"https:\/\/defendthevalley.org\/es\/wp-json\/wp\/v2\/types\/page"}],"author":[{"embeddable":true,"href":"https:\/\/defendthevalley.org\/es\/wp-json\/wp\/v2\/users\/1"}],"replies":[{"embeddable":true,"href":"https:\/\/defendthevalley.org\/es\/wp-json\/wp\/v2\/comments?post=999"}],"version-history":[{"count":5,"href":"https:\/\/defendthevalley.org\/es\/wp-json\/wp\/v2\/pages\/999\/revisions"}],"predecessor-version":[{"id":11957,"href":"https:\/\/defendthevalley.org\/es\/wp-json\/wp\/v2\/pages\/999\/revisions\/11957"}],"wp:featuredmedia":[{"embeddable":true,"href":"https:\/\/defendthevalley.org\/es\/wp-json\/wp\/v2\/media\/1005"}],"wp:attachment":[{"href":"https:\/\/defendthevalley.org\/es\/wp-json\/wp\/v2\/media?parent=999"}],"curies":[{"name":"wp","href":"https:\/\/api.w.org\/{rel}","templated":true}]}}