{"id":14,"date":"2022-06-14T19:06:19","date_gmt":"2022-06-14T19:06:19","guid":{"rendered":"http:\/\/defendthevalley.org\/?page_id=14"},"modified":"2026-03-25T13:47:22","modified_gmt":"2026-03-25T13:47:22","slug":"home","status":"publish","type":"page","link":"https:\/\/defendthevalley.org\/es\/","title":{"rendered":"Home"},"content":{"rendered":"\t\t<div data-elementor-type=\"wp-page\" data-elementor-id=\"14\" class=\"elementor elementor-14\" data-elementor-post-type=\"page\">\n\t\t\t\t\t\t<section class=\"elementor-section elementor-top-section elementor-element elementor-element-5dd58d2 elementor-section-full_width elementor-section-height-default elementor-section-height-default\" data-id=\"5dd58d2\" data-element_type=\"section\" data-e-type=\"section\" data-settings=\"{&quot;jet_parallax_layout_list&quot;:[]}\">\n\t\t\t\t\t\t<div class=\"elementor-container elementor-column-gap-default\">\n\t\t\t\t\t<div class=\"elementor-column elementor-col-100 elementor-top-column elementor-element elementor-element-daddf8d\" data-id=\"daddf8d\" data-element_type=\"column\" data-e-type=\"column\">\n\t\t\t<div class=\"elementor-widget-wrap elementor-element-populated\">\n\t\t\t\t\t\t<div class=\"elementor-element elementor-element-c09da28 elementor-widget elementor-widget-slider_revolution\" data-id=\"c09da28\" data-element_type=\"widget\" data-e-type=\"widget\" data-widget_type=\"slider_revolution.default\">\n\t\t\t\t<div class=\"elementor-widget-container\">\n\t\t\t\t\t\n\t\t<div class=\"wp-block-themepunch-revslider\">\n\t\t\t\t<p class=\"rs-p-wp-fix\"><\/p>\n\t\t\t\t<sr7-module data-alias=\"homepage-slide-12\" data-id=\"14\" id=\"SR7_14_2\" class=\"rs-ov-hidden\" data-version=\"6.7.52\">\n\t\t\t\t\t<sr7-adjuster><\/sr7-adjuster>\n\t\t\t\t\t<sr7-content>\n\t\t\t\t\t\t<sr7-slide id=\"SR7_14_2-18\" data-key=\"18\">\n\t\t\t\t\t\t\t<sr7-bg id=\"SR7_14_2-18-1\" class=\"sr7-layer\"><noscript><img decoding=\"async\" src=\"http:\/\/defendthevalley.org\/wp-content\/uploads\/2022\/10\/scenichudson_12495297_Full.jpg\" alt=\"\" title=\"scenichudson_12495297_Full\"><\/noscript><\/sr7-bg>\n\t\t\t\t\t\t<\/sr7-slide>\n\t\t\t\t\t\t<sr7-slide id=\"SR7_14_2-19\" data-key=\"19\">\n\t\t\t\t\t\t\t<sr7-bg id=\"SR7_14_2-19-1\" class=\"sr7-layer\"><noscript><img decoding=\"async\" src=\"http:\/\/defendthevalley.org\/wp-content\/uploads\/2022\/10\/scenichudson_42965581_Medium.jpg\" alt=\"\" title=\"scenichudson_42965581_Medium\"><\/noscript><\/sr7-bg>\n\t\t\t\t\t\t<\/sr7-slide>\n\t\t\t\t\t\t<sr7-slide id=\"SR7_14_2-20\" data-key=\"20\">\n\t\t\t\t\t\t\t<sr7-bg id=\"SR7_14_2-20-1\" class=\"sr7-layer\"><noscript><img decoding=\"async\" src=\"http:\/\/defendthevalley.org\/wp-content\/uploads\/2022\/10\/scenichudson_70514328_Medium.jpg\" alt=\"\" title=\"scenichudson_70514328_Medium\"><\/noscript><\/sr7-bg>\n\t\t\t\t\t\t<\/sr7-slide>\n\t\t\t\t\t\t<sr7-slide id=\"SR7_14_2-21\" data-key=\"21\">\n\t\t\t\t\t\t\t<sr7-bg id=\"SR7_14_2-21-1\" class=\"sr7-layer\"><noscript><img decoding=\"async\" src=\"http:\/\/defendthevalley.org\/wp-content\/uploads\/2022\/10\/scenichudson_99087031_Medium-1.jpg\" alt=\"\" title=\"scenichudson_99087031_Medium (1)\"><\/noscript><\/sr7-bg>\n\t\t\t\t\t\t<\/sr7-slide>\n\t\t\t\t\t\t<sr7-slide id=\"SR7_14_2-22\" data-key=\"22\">\n\t\t\t\t\t\t\t<sr7-bg id=\"SR7_14_2-22-1\" class=\"sr7-layer\"><noscript><img decoding=\"async\" src=\"http:\/\/defendthevalley.org\/wp-content\/uploads\/2022\/10\/scenichudson_46338007_Medium.jpg\" alt=\"\" title=\"scenichudson_46338007_Medium\"><\/noscript><\/sr7-bg>\n\t\t\t\t\t\t<\/sr7-slide>\n\t\t\t\t\t\t<sr7-slide id=\"SR7_14_2-36\" data-key=\"36\">\n\t\t\t\t\t\t\t<sr7-txt id=\"SR7_14_2-36-7\" class=\"sr7-layer\">S\u00e9 l\u00edder y acomp\u00e1\u00f1anos en la lucha por proteger <\/br>el medio ambiente y nuestras comunidades.<\/sr7-txt>\n\t\t\t\t\t\t\t<sr7-txt id=\"SR7_14_2-36-28\" class=\"sr7-layer\">S\u00e9 l\u00edder y acomp\u00e1\u00f1anos en la lucha por proteger el medio ambiente y nuestras comunidades.<\/sr7-txt>\n\t\t\t\t\t\t\t<sr7-txt id=\"SR7_14_2-36-29\" class=\"sr7-layer\">#DefendtheValley<\/sr7-txt>\n\t\t\t\t\t\t\t<sr7-txt id=\"SR7_14_2-36-35\" class=\"sr7-layer\">PROTEGER <br \/>\nTIERRAS<\/sr7-txt>\n\t\t\t\t\t\t\t<sr7-txt id=\"SR7_14_2-36-41\" class=\"sr7-layer\">AIRE Y AGUA <br \/>\nLIMPIOS<\/sr7-txt>\n\t\t\t\t\t\t\t<sr7-txt id=\"SR7_14_2-36-46\" class=\"sr7-layer\">CONECTAR <br \/>\nCOMUNIDADES<\/sr7-txt>\n\t\t\t\t\t\t\t<sr7-txt id=\"SR7_14_2-36-52\" class=\"sr7-layer\">SOLUCIONES<br \/>\nCLIM\u00c1TICAS<\/sr7-txt>\n\t\t\t\t\t\t<\/sr7-slide>\n\t\t\t\t\t<\/sr7-content>\n\t\t\t\t\t<image_lists style=\"display:none\">\n\t\t\t\t\t\t<img data-src=\"\/\/defendthevalley.org\/wp-content\/uploads\/2022\/10\/scenichudson_12495297_Full.jpg\" data-libid=\"2250\" data-lib=\"medialibrary\" title=\"scenichudson_12495297_Full\" width=\"0\" height=\"0\" data-dbsrc=\"Ly9kZWZlbmR0aGV2YWxsZXkub3JnL3dwLWNvbnRlbnQvdXBsb2Fkcy8yMDIyLzEwL3NjZW5pY2h1ZHNvbl8xMjQ5NTI5N19GdWxsLmpwZw==\"\/>\n\t\t\t\t\t\t<img data-src=\"\/\/defendthevalley.org\/wp-content\/uploads\/2022\/10\/scenichudson_42965581_Medium.jpg\" data-libid=\"2255\" data-lib=\"medialibrary\" title=\"scenichudson_42965581_Medium\" width=\"0\" height=\"0\" data-dbsrc=\"Ly9kZWZlbmR0aGV2YWxsZXkub3JnL3dwLWNvbnRlbnQvdXBsb2Fkcy8yMDIyLzEwL3NjZW5pY2h1ZHNvbl80Mjk2NTU4MV9NZWRpdW0uanBn\"\/>\n\t\t\t\t\t\t<img data-src=\"\/\/defendthevalley.org\/wp-content\/uploads\/2022\/10\/scenichudson_70514328_Medium.jpg\" data-libid=\"2256\" data-lib=\"medialibrary\" title=\"scenichudson_70514328_Medium\" width=\"0\" height=\"0\" data-dbsrc=\"Ly9kZWZlbmR0aGV2YWxsZXkub3JnL3dwLWNvbnRlbnQvdXBsb2Fkcy8yMDIyLzEwL3NjZW5pY2h1ZHNvbl83MDUxNDMyOF9NZWRpdW0uanBn\"\/>\n\t\t\t\t\t\t<img loading=\"lazy\" data-src=\"\/\/defendthevalley.org\/wp-content\/uploads\/2022\/10\/scenichudson_99087031_Medium-1.jpg\" data-libid=\"2257\" data-lib=\"medialibrary\" title=\"scenichudson_99087031_Medium (1)\" width=\"0\" height=\"0\" data-dbsrc=\"Ly9kZWZlbmR0aGV2YWxsZXkub3JnL3dwLWNvbnRlbnQvdXBsb2Fkcy8yMDIyLzEwL3NjZW5pY2h1ZHNvbl85OTA4NzAzMV9NZWRpdW0tMS5qcGc=\"\/>\n\t\t\t\t\t\t<img loading=\"lazy\" data-src=\"\/\/defendthevalley.org\/wp-content\/uploads\/2022\/10\/scenichudson_46338007_Medium.jpg\" data-libid=\"2258\" data-lib=\"medialibrary\" title=\"scenichudson_46338007_Medium\" width=\"0\" height=\"0\" data-dbsrc=\"Ly9kZWZlbmR0aGV2YWxsZXkub3JnL3dwLWNvbnRlbnQvdXBsb2Fkcy8yMDIyLzEwL3NjZW5pY2h1ZHNvbl80NjMzODAwN19NZWRpdW0uanBn\"\/>\n\t\t\t\t\t\t<img loading=\"lazy\" data-src=\"\/\/defendthevalley.org\/wp-content\/uploads\/2022\/06\/DefendtheValleyLogo_long-02.png\" data-libid=\"792\" data-lib=\"medialibrary\" title=\"DefendtheValleyLogo_long-02\" width=\"0\" height=\"0\" data-dbsrc=\"Ly9kZWZlbmR0aGV2YWxsZXkub3JnL3dwLWNvbnRlbnQvdXBsb2Fkcy8yMDIyLzA2L0RlZmVuZHRoZVZhbGxleUxvZ29fbG9uZy0wMi5wbmc=\"\/>\n\t\t\t\t\t<\/image_lists>\n\t\t\t\t<\/sr7-module>\n\t\t\t\t<script>\n\t\t\t\t\twindow.SR7 ??={};SR7.PMH ??={}; SR7.PMH[\"SR7_14_2\"] = {cn:100,state:false,fn: function() { if (window._tpt!==undefined && window._tpt.prepareModuleHeight !== undefined) {  _tpt.prepareModuleHeight({id:\"SR7_14_2\",el:[850,850,850,850,650],type:'standard',shdw:'0',gh:[850,850,850,850,650],gw:[1240,1240,1240,1240,480],vpt:['-200px&#039;,&#039;-200px&#039;,&#039;-200px&#039;,&#039;-200px&#039;,&#039;-200px'],size:{fullWidth:true, fullHeight:false},mh:'0',onh:0,onw:0,bg:{color:'{\"orig\":\"transparent\",\"type\":\"solid\",\"string\":\"transparent\"}'}});   SR7.PMH[\"SR7_14_2\"].state=true;} else if(SR7.PMH[\"SR7_14_2\"].cn-->0)\tsetTimeout( SR7.PMH[\"SR7_14_2\"].fn,19);}};SR7.PMH[\"SR7_14_2\" ].fn();\n\t\t\t\t<\/script>\n<\/div>\n\n\t\t\t\t\t\t<\/div>\n\t\t\t\t<\/div>\n\t\t\t\t\t<\/div>\n\t\t<\/div>\n\t\t\t\t\t<\/div>\n\t\t<\/section>\n\t\t\t\t<section class=\"elementor-section elementor-top-section elementor-element elementor-element-0e2bf80 elementor-section-full_width elementor-section-height-min-height elementor-section-items-stretch elementor-section-stretched elementor-section-height-default\" data-id=\"0e2bf80\" data-element_type=\"section\" data-e-type=\"section\" data-settings=\"{&quot;stretch_section&quot;:&quot;section-stretched&quot;,&quot;jet_parallax_layout_list&quot;:[],&quot;background_background&quot;:&quot;classic&quot;}\">\n\t\t\t\t\t\t\t<div class=\"elementor-background-overlay\"><\/div>\n\t\t\t\t\t\t\t<div class=\"elementor-container elementor-column-gap-default\">\n\t\t\t\t\t<div class=\"elementor-column elementor-col-33 elementor-top-column elementor-element elementor-element-bfa75c2\" data-id=\"bfa75c2\" data-element_type=\"column\" data-e-type=\"column\" data-settings=\"{&quot;background_background&quot;:&quot;classic&quot;}\">\n\t\t\t<div class=\"elementor-widget-wrap elementor-element-populated\">\n\t\t\t\t\t\t<section class=\"elementor-section elementor-inner-section elementor-element elementor-element-d03b40c elementor-section-content-middle elementor-section-boxed elementor-section-height-default elementor-section-height-default\" data-id=\"d03b40c\" data-element_type=\"section\" data-e-type=\"section\" data-settings=\"{&quot;jet_parallax_layout_list&quot;:[]}\">\n\t\t\t\t\t\t<div class=\"elementor-container elementor-column-gap-default\">\n\t\t\t\t\t<div class=\"elementor-column elementor-col-50 elementor-inner-column elementor-element elementor-element-d6d37f7\" data-id=\"d6d37f7\" data-element_type=\"column\" data-e-type=\"column\">\n\t\t\t<div class=\"elementor-widget-wrap elementor-element-populated\">\n\t\t\t\t\t\t<div class=\"elementor-element elementor-element-909b821 elementor-widget elementor-widget-image\" data-id=\"909b821\" data-element_type=\"widget\" data-e-type=\"widget\" data-widget_type=\"image.default\">\n\t\t\t\t<div class=\"elementor-widget-container\">\n\t\t\t\t\t\t\t\t\t\t\t\t\t\t\t<img loading=\"lazy\" decoding=\"async\" width=\"988\" height=\"872\" src=\"https:\/\/defendthevalley.org\/wp-content\/uploads\/2023\/01\/DTV_handsicon-6-05.png\" class=\"attachment-large size-large wp-image-5353\" alt=\"\" srcset=\"https:\/\/defendthevalley.org\/wp-content\/uploads\/2023\/01\/DTV_handsicon-6-05.png 988w, https:\/\/defendthevalley.org\/wp-content\/uploads\/2023\/01\/DTV_handsicon-6-05-600x530.png 600w, https:\/\/defendthevalley.org\/wp-content\/uploads\/2023\/01\/DTV_handsicon-6-05-300x265.png 300w, https:\/\/defendthevalley.org\/wp-content\/uploads\/2023\/01\/DTV_handsicon-6-05-768x678.png 768w\" sizes=\"(max-width: 988px) 100vw, 988px\" \/>\t\t\t\t\t\t\t\t\t\t\t\t\t\t\t<\/div>\n\t\t\t\t<\/div>\n\t\t\t\t\t<\/div>\n\t\t<\/div>\n\t\t\t\t<div class=\"elementor-column elementor-col-50 elementor-inner-column elementor-element elementor-element-5cc6647\" data-id=\"5cc6647\" data-element_type=\"column\" data-e-type=\"column\">\n\t\t\t<div class=\"elementor-widget-wrap elementor-element-populated\">\n\t\t\t\t\t\t<div class=\"elementor-element elementor-element-84d8b0d voice elementor-widget elementor-widget-heading\" data-id=\"84d8b0d\" data-element_type=\"widget\" data-e-type=\"widget\" data-widget_type=\"heading.default\">\n\t\t\t\t<div class=\"elementor-widget-container\">\n\t\t\t\t\t<h4 class=\"elementor-heading-title elementor-size-default\">Your Voice Matters!!<\/h4>\t\t\t\t<\/div>\n\t\t\t\t<\/div>\n\t\t\t\t<div class=\"elementor-element elementor-element-9125469 elementor-widget elementor-widget-text-editor\" data-id=\"9125469\" data-element_type=\"widget\" data-e-type=\"widget\" data-widget_type=\"text-editor.default\">\n\t\t\t\t<div class=\"elementor-widget-container\">\n\t\t\t\t\t\t\t\t\t<p>Tell us why you want to protect and defend the valley.<\/p>\t\t\t\t\t\t\t\t<\/div>\n\t\t\t\t<\/div>\n\t\t\t\t\t<\/div>\n\t\t<\/div>\n\t\t\t\t\t<\/div>\n\t\t<\/section>\n\t\t\t\t\t<\/div>\n\t\t<\/div>\n\t\t\t\t<div class=\"elementor-column elementor-col-66 elementor-top-column elementor-element elementor-element-fdeaa9d\" data-id=\"fdeaa9d\" data-element_type=\"column\" data-e-type=\"column\">\n\t\t\t<div class=\"elementor-widget-wrap elementor-element-populated\">\n\t\t\t\t\t\t<div class=\"elementor-element elementor-element-8a1fe1c elementor-view-default elementor-widget elementor-widget-icon\" data-id=\"8a1fe1c\" data-element_type=\"widget\" data-e-type=\"widget\" data-widget_type=\"icon.default\">\n\t\t\t\t<div class=\"elementor-widget-container\">\n\t\t\t\t\t\t\t<div class=\"elementor-icon-wrapper\">\n\t\t\t<a class=\"elementor-icon\" href=\"https:\/\/defendthevalley.org\/raise-your-voice\/\">\n\t\t\t<i aria-hidden=\"true\" class=\"far fa-play-circle\"><\/i>\t\t\t<\/a>\n\t\t<\/div>\n\t\t\t\t\t\t<\/div>\n\t\t\t\t<\/div>\n\t\t\t\t\t<\/div>\n\t\t<\/div>\n\t\t\t\t\t<\/div>\n\t\t<\/section>\n\t\t\t\t<section class=\"elementor-section elementor-top-section elementor-element elementor-element-d4ebfba elementor-section-height-min-height elementor-section-stretched elementor-section-boxed elementor-section-height-default elementor-section-items-middle\" data-id=\"d4ebfba\" data-element_type=\"section\" data-e-type=\"section\" data-settings=\"{&quot;stretch_section&quot;:&quot;section-stretched&quot;,&quot;jet_parallax_layout_list&quot;:[],&quot;background_background&quot;:&quot;classic&quot;}\">\n\t\t\t\t\t\t<div class=\"elementor-container elementor-column-gap-default\">\n\t\t\t\t\t<div class=\"elementor-column elementor-col-100 elementor-top-column elementor-element elementor-element-093e7fc\" data-id=\"093e7fc\" data-element_type=\"column\" data-e-type=\"column\">\n\t\t\t<div class=\"elementor-widget-wrap elementor-element-populated\">\n\t\t\t\t\t\t<div class=\"elementor-element elementor-element-59821d0 elementor-align-center elementor-widget elementor-widget-button\" data-id=\"59821d0\" data-element_type=\"widget\" data-e-type=\"widget\" data-widget_type=\"button.default\">\n\t\t\t\t<div class=\"elementor-widget-container\">\n\t\t\t\t\t\t\t\t\t<div class=\"elementor-button-wrapper\">\n\t\t\t\t\t<a class=\"elementor-button elementor-button-link elementor-size-xl\" href=\"https:\/\/defendthevalley.org\/get-involved\/\">\n\t\t\t\t\t\t<span class=\"elementor-button-content-wrapper\">\n\t\t\t\t\t\t\t\t\t<span class=\"elementor-button-text\">Get Involved<\/span>\n\t\t\t\t\t<\/span>\n\t\t\t\t\t<\/a>\n\t\t\t\t<\/div>\n\t\t\t\t\t\t\t\t<\/div>\n\t\t\t\t<\/div>\n\t\t\t\t\t<\/div>\n\t\t<\/div>\n\t\t\t\t\t<\/div>\n\t\t<\/section>\n\t\t\t\t<\/div>\n\t\t","protected":false},"excerpt":{"rendered":"<p>Become a champion of the Hudson Valley and join us in the fight for climate and environmental justice. Protect Land | Clean Air &#038; Water | Connect Communities | Climate Solutions<\/p>","protected":false},"author":1,"featured_media":17,"parent":0,"menu_order":0,"comment_status":"closed","ping_status":"closed","template":"elementor_header_footer","meta":{"_acf_changed":false,"footnotes":"","_links_to":"","_links_to_target":""},"class_list":["post-14","page","type-page","status-publish","has-post-thumbnail","hentry"],"acf":[],"yoast_head":"<!-- This site is optimized with the Yoast SEO plugin v27.3 - https:\/\/yoast.com\/product\/yoast-seo-wordpress\/ -->\n<title>Home - Defend the Valley<\/title>\n<meta name=\"description\" content=\"Become a champion of the Hudson Valley and join us in the fight for climate and environmental justice. Protect Land | Clean Air &amp; Water | Connect Communities | Climate Solutions\" \/>\n<meta name=\"robots\" content=\"index, follow, max-snippet:-1, max-image-preview:large, max-video-preview:-1\" \/>\n<link rel=\"canonical\" href=\"https:\/\/defendthevalley.org\/es\/\" \/>\n<meta property=\"og:locale\" content=\"es_MX\" \/>\n<meta property=\"og:type\" content=\"article\" \/>\n<meta property=\"og:title\" content=\"Home - Defend the Valley\" \/>\n<meta property=\"og:description\" content=\"Become a champion of the Hudson Valley and join us in the fight for climate and environmental justice. Protect Land | Clean Air &amp; Water | Connect Communities | Climate Solutions\" \/>\n<meta property=\"og:url\" content=\"https:\/\/defendthevalley.org\/es\/\" \/>\n<meta property=\"og:site_name\" content=\"Defend the Valley\" \/>\n<meta property=\"article:modified_time\" content=\"2026-03-25T13:47:22+00:00\" \/>\n<meta property=\"og:image\" content=\"https:\/\/defendthevalley.org\/wp-content\/uploads\/2022\/06\/4-scaled-1.jpg\" \/>\n\t<meta property=\"og:image:width\" content=\"1869\" \/>\n\t<meta property=\"og:image:height\" content=\"1400\" \/>\n\t<meta property=\"og:image:type\" content=\"image\/jpeg\" \/>\n<meta name=\"twitter:card\" content=\"summary_large_image\" \/>\n<meta name=\"twitter:label1\" content=\"Tiempo de lectura\" \/>\n\t<meta name=\"twitter:data1\" content=\"1 minuto\" \/>\n<script type=\"application\/ld+json\" class=\"yoast-schema-graph\">{\"@context\":\"https:\\\/\\\/schema.org\",\"@graph\":[{\"@type\":\"WebPage\",\"@id\":\"https:\\\/\\\/defendthevalley.org\\\/\",\"url\":\"https:\\\/\\\/defendthevalley.org\\\/\",\"name\":\"Home - Defend the Valley\",\"isPartOf\":{\"@id\":\"https:\\\/\\\/defendthevalley.org\\\/#website\"},\"primaryImageOfPage\":{\"@id\":\"https:\\\/\\\/defendthevalley.org\\\/#primaryimage\"},\"image\":{\"@id\":\"https:\\\/\\\/defendthevalley.org\\\/#primaryimage\"},\"thumbnailUrl\":\"https:\\\/\\\/defendthevalley.org\\\/wp-content\\\/uploads\\\/2022\\\/06\\\/4-scaled-1.jpg\",\"datePublished\":\"2022-06-14T19:06:19+00:00\",\"dateModified\":\"2026-03-25T13:47:22+00:00\",\"description\":\"Become a champion of the Hudson Valley and join us in the fight for climate and environmental justice. Protect Land | Clean Air & Water | Connect Communities | Climate Solutions\",\"breadcrumb\":{\"@id\":\"https:\\\/\\\/defendthevalley.org\\\/#breadcrumb\"},\"inLanguage\":\"es\",\"potentialAction\":[{\"@type\":\"ReadAction\",\"target\":[\"https:\\\/\\\/defendthevalley.org\\\/\"]}]},{\"@type\":\"ImageObject\",\"inLanguage\":\"es\",\"@id\":\"https:\\\/\\\/defendthevalley.org\\\/#primaryimage\",\"url\":\"https:\\\/\\\/defendthevalley.org\\\/wp-content\\\/uploads\\\/2022\\\/06\\\/4-scaled-1.jpg\",\"contentUrl\":\"https:\\\/\\\/defendthevalley.org\\\/wp-content\\\/uploads\\\/2022\\\/06\\\/4-scaled-1.jpg\",\"width\":1869,\"height\":1400},{\"@type\":\"BreadcrumbList\",\"@id\":\"https:\\\/\\\/defendthevalley.org\\\/#breadcrumb\",\"itemListElement\":[{\"@type\":\"ListItem\",\"position\":1,\"name\":\"Home\",\"item\":\"https:\\\/\\\/defendthevalley.org\\\/\"},{\"@type\":\"ListItem\",\"position\":2,\"name\":\"Home\"}]},{\"@type\":\"WebSite\",\"@id\":\"https:\\\/\\\/defendthevalley.org\\\/#website\",\"url\":\"https:\\\/\\\/defendthevalley.org\\\/\",\"name\":\"Defend the Valley\",\"description\":\"\",\"potentialAction\":[{\"@type\":\"SearchAction\",\"target\":{\"@type\":\"EntryPoint\",\"urlTemplate\":\"https:\\\/\\\/defendthevalley.org\\\/?s={search_term_string}\"},\"query-input\":{\"@type\":\"PropertyValueSpecification\",\"valueRequired\":true,\"valueName\":\"search_term_string\"}}],\"inLanguage\":\"es\"}]}<\/script>\n<!-- \/ Yoast SEO plugin. -->","yoast_head_json":{"title":"Home - Defend the Valley","description":"Become a champion of the Hudson Valley and join us in the fight for climate and environmental justice. Protect Land | Clean Air & Water | Connect Communities | Climate Solutions","robots":{"index":"index","follow":"follow","max-snippet":"max-snippet:-1","max-image-preview":"max-image-preview:large","max-video-preview":"max-video-preview:-1"},"canonical":"https:\/\/defendthevalley.org\/es\/","og_locale":"es_MX","og_type":"article","og_title":"Home - Defend the Valley","og_description":"Become a champion of the Hudson Valley and join us in the fight for climate and environmental justice. Protect Land | Clean Air & Water | Connect Communities | Climate Solutions","og_url":"https:\/\/defendthevalley.org\/es\/","og_site_name":"Defend the Valley","article_modified_time":"2026-03-25T13:47:22+00:00","og_image":[{"width":1869,"height":1400,"url":"https:\/\/defendthevalley.org\/wp-content\/uploads\/2022\/06\/4-scaled-1.jpg","type":"image\/jpeg"}],"twitter_card":"summary_large_image","twitter_misc":{"Tiempo de lectura":"1 minuto"},"schema":{"@context":"https:\/\/schema.org","@graph":[{"@type":"WebPage","@id":"https:\/\/defendthevalley.org\/","url":"https:\/\/defendthevalley.org\/","name":"Home - Defend the Valley","isPartOf":{"@id":"https:\/\/defendthevalley.org\/#website"},"primaryImageOfPage":{"@id":"https:\/\/defendthevalley.org\/#primaryimage"},"image":{"@id":"https:\/\/defendthevalley.org\/#primaryimage"},"thumbnailUrl":"https:\/\/defendthevalley.org\/wp-content\/uploads\/2022\/06\/4-scaled-1.jpg","datePublished":"2022-06-14T19:06:19+00:00","dateModified":"2026-03-25T13:47:22+00:00","description":"Become a champion of the Hudson Valley and join us in the fight for climate and environmental justice. Protect Land | Clean Air & Water | Connect Communities | Climate Solutions","breadcrumb":{"@id":"https:\/\/defendthevalley.org\/#breadcrumb"},"inLanguage":"es","potentialAction":[{"@type":"ReadAction","target":["https:\/\/defendthevalley.org\/"]}]},{"@type":"ImageObject","inLanguage":"es","@id":"https:\/\/defendthevalley.org\/#primaryimage","url":"https:\/\/defendthevalley.org\/wp-content\/uploads\/2022\/06\/4-scaled-1.jpg","contentUrl":"https:\/\/defendthevalley.org\/wp-content\/uploads\/2022\/06\/4-scaled-1.jpg","width":1869,"height":1400},{"@type":"BreadcrumbList","@id":"https:\/\/defendthevalley.org\/#breadcrumb","itemListElement":[{"@type":"ListItem","position":1,"name":"Home","item":"https:\/\/defendthevalley.org\/"},{"@type":"ListItem","position":2,"name":"Home"}]},{"@type":"WebSite","@id":"https:\/\/defendthevalley.org\/#website","url":"https:\/\/defendthevalley.org\/","name":"Defend the Valley","description":"","potentialAction":[{"@type":"SearchAction","target":{"@type":"EntryPoint","urlTemplate":"https:\/\/defendthevalley.org\/?s={search_term_string}"},"query-input":{"@type":"PropertyValueSpecification","valueRequired":true,"valueName":"search_term_string"}}],"inLanguage":"es"}]}},"_links":{"self":[{"href":"https:\/\/defendthevalley.org\/es\/wp-json\/wp\/v2\/pages\/14","targetHints":{"allow":["GET"]}}],"collection":[{"href":"https:\/\/defendthevalley.org\/es\/wp-json\/wp\/v2\/pages"}],"about":[{"href":"https:\/\/defendthevalley.org\/es\/wp-json\/wp\/v2\/types\/page"}],"author":[{"embeddable":true,"href":"https:\/\/defendthevalley.org\/es\/wp-json\/wp\/v2\/users\/1"}],"replies":[{"embeddable":true,"href":"https:\/\/defendthevalley.org\/es\/wp-json\/wp\/v2\/comments?post=14"}],"version-history":[{"count":5,"href":"https:\/\/defendthevalley.org\/es\/wp-json\/wp\/v2\/pages\/14\/revisions"}],"predecessor-version":[{"id":12474,"href":"https:\/\/defendthevalley.org\/es\/wp-json\/wp\/v2\/pages\/14\/revisions\/12474"}],"wp:featuredmedia":[{"embeddable":true,"href":"https:\/\/defendthevalley.org\/es\/wp-json\/wp\/v2\/media\/17"}],"wp:attachment":[{"href":"https:\/\/defendthevalley.org\/es\/wp-json\/wp\/v2\/media?parent=14"}],"curies":[{"name":"wp","href":"https:\/\/api.w.org\/{rel}","templated":true}]}}